{"id":6929,"date":"2024-08-27T09:52:14","date_gmt":"2024-08-27T07:52:14","guid":{"rendered":"https:\/\/poj-kon.pl\/?page_id=6929"},"modified":"2024-08-27T11:00:25","modified_gmt":"2024-08-27T09:00:25","slug":"elementor-6929","status":"publish","type":"page","link":"https:\/\/poj-kon.pl\/de\/elementor-6929\/","title":{"rendered":"\u00dcber uns"},"content":{"rendered":"\t\t<div data-elementor-type=\"wp-page\" data-elementor-id=\"6929\" class=\"elementor elementor-6929 elementor-160\" data-elementor-post-type=\"page\">\n\t\t\t\t\t\t<section class=\"elementor-section elementor-top-section elementor-element elementor-element-7d827bb elementor-section-stretched elementor-section-boxed elementor-section-height-default elementor-section-height-default\" data-id=\"7d827bb\" data-element_type=\"section\" data-e-type=\"section\" data-settings=\"{&quot;stretch_section&quot;:&quot;section-stretched&quot;}\">\n\t\t\t\t\t\t<div class=\"elementor-container elementor-column-gap-default\">\n\t\t\t\t\t<div class=\"elementor-column elementor-col-50 elementor-top-column elementor-element elementor-element-4c2bcda\" data-id=\"4c2bcda\" data-element_type=\"column\" data-e-type=\"column\">\n\t\t\t<div class=\"elementor-widget-wrap elementor-element-populated\">\n\t\t\t\t\t\t<div class=\"elementor-element elementor-element-ca48104 elementor-widget elementor-widget-text-editor\" data-id=\"ca48104\" data-element_type=\"widget\" data-e-type=\"widget\" data-widget_type=\"text-editor.default\">\n\t\t\t\t<div class=\"elementor-widget-container\">\n\t\t\t\t\t\t\t\t\t<h4 style=\"text-align: right;\">\u00dcBER DIE FIRMA<\/h4><h3>POJ-KON \u2013 HERSTELLER VON PFERDEKUTSCHEN<\/h3><div style=\"font-family: Montserrat, sans-serif; font-weight: 400; width: 550px; column-gap: 0px;\" data-id=\"91c180a\" data-element_type=\"widget\" data-widget_type=\"text-editor.default\"><p>Wir sind seit mehr als 30 Jahren auf dem Markt pr\u00e4sent und haben bis heute fast 30.000 Kutschen hergestellt.\u00a0 Wir halten die Tradition aufrecht, die unsere V\u00e4ter und Gro\u00dfv\u00e4ter geschaffen haben. Die von ihnen erarbeiteten handwerklichen Methoden der Herstellung von Kutschen erg\u00e4nzen wir durch die Einf\u00fchrung innovativer Technologien. Dank der Produktionsautomatisierung k\u00f6nnen wir die Zeit der Kutschenherstellung verk\u00fcrzen und eine sehr hohe Produktqualit\u00e4t gew\u00e4hrleisten.<\/p><p>Unsere Kutschen sind ein Ausdruck dessen, dass wir im Laufe der Jahre unseren eigenen einzigartigen Stil entwickelt haben. Die Tatsache, dass unsere Kunden unsere Kutschen regelm\u00e4\u00dfig nutzen, ist die beste Best\u00e4tigung daf\u00fcr, dass sie ihre Erwartungen erf\u00fcllen.<\/p><\/div>\t\t\t\t\t\t\t\t<\/div>\n\t\t\t\t<\/div>\n\t\t\t\t\t<\/div>\n\t\t<\/div>\n\t\t\t\t<div class=\"elementor-column elementor-col-50 elementor-top-column elementor-element elementor-element-a188af2\" data-id=\"a188af2\" data-element_type=\"column\" data-e-type=\"column\" data-settings=\"{&quot;background_background&quot;:&quot;slideshow&quot;,&quot;background_slideshow_gallery&quot;:[{&quot;id&quot;:548,&quot;url&quot;:&quot;http:\\\/\\\/poj-kon.pl\\\/wp-content\\\/uploads\\\/2020\\\/09\\\/foto_galeria_big-3.jpeg&quot;}],&quot;background_slideshow_loop&quot;:&quot;yes&quot;,&quot;background_slideshow_slide_duration&quot;:5000,&quot;background_slideshow_slide_transition&quot;:&quot;fade&quot;,&quot;background_slideshow_transition_duration&quot;:500}\">\n\t\t\t<div class=\"elementor-widget-wrap\">\n\t\t\t\t\t\t\t<\/div>\n\t\t<\/div>\n\t\t\t\t\t<\/div>\n\t\t<\/section>\n\t\t\t\t<section class=\"elementor-section elementor-top-section elementor-element elementor-element-cedd3f2 elementor-section-boxed elementor-section-height-default elementor-section-height-default\" data-id=\"cedd3f2\" data-element_type=\"section\" data-e-type=\"section\">\n\t\t\t\t\t\t<div class=\"elementor-container elementor-column-gap-default\">\n\t\t\t\t\t<div class=\"elementor-column elementor-col-100 elementor-top-column elementor-element elementor-element-8b4c0be\" data-id=\"8b4c0be\" data-element_type=\"column\" data-e-type=\"column\">\n\t\t\t<div class=\"elementor-widget-wrap elementor-element-populated\">\n\t\t\t\t\t\t<div class=\"elementor-element elementor-element-b472e9b elementor-widget-divider--view-line elementor-widget elementor-widget-divider\" data-id=\"b472e9b\" data-element_type=\"widget\" data-e-type=\"widget\" data-widget_type=\"divider.default\">\n\t\t\t\t<div class=\"elementor-widget-container\">\n\t\t\t\t\t\t\t<div class=\"elementor-divider\">\n\t\t\t<span class=\"elementor-divider-separator\">\n\t\t\t\t\t\t<\/span>\n\t\t<\/div>\n\t\t\t\t\t\t<\/div>\n\t\t\t\t<\/div>\n\t\t\t\t\t<\/div>\n\t\t<\/div>\n\t\t\t\t\t<\/div>\n\t\t<\/section>\n\t\t\t\t<section class=\"elementor-section elementor-top-section elementor-element elementor-element-fcc0fb2 elementor-section-stretched elementor-section-boxed elementor-section-height-default elementor-section-height-default\" data-id=\"fcc0fb2\" data-element_type=\"section\" data-e-type=\"section\" data-settings=\"{&quot;stretch_section&quot;:&quot;section-stretched&quot;}\">\n\t\t\t\t\t\t<div class=\"elementor-container elementor-column-gap-default\">\n\t\t\t\t\t<div class=\"elementor-column elementor-col-50 elementor-top-column elementor-element elementor-element-63edd10\" data-id=\"63edd10\" data-element_type=\"column\" data-e-type=\"column\" data-settings=\"{&quot;background_background&quot;:&quot;slideshow&quot;,&quot;background_slideshow_gallery&quot;:[{&quot;id&quot;:545,&quot;url&quot;:&quot;http:\\\/\\\/poj-kon.pl\\\/wp-content\\\/uploads\\\/2020\\\/09\\\/foto_galeria_big-1.jpeg&quot;}],&quot;background_slideshow_loop&quot;:&quot;yes&quot;,&quot;background_slideshow_slide_duration&quot;:5000,&quot;background_slideshow_slide_transition&quot;:&quot;fade&quot;,&quot;background_slideshow_transition_duration&quot;:500}\">\n\t\t\t<div class=\"elementor-widget-wrap\">\n\t\t\t\t\t\t\t<\/div>\n\t\t<\/div>\n\t\t\t\t<div class=\"elementor-column elementor-col-50 elementor-top-column elementor-element elementor-element-f6f3757\" data-id=\"f6f3757\" data-element_type=\"column\" data-e-type=\"column\">\n\t\t\t<div class=\"elementor-widget-wrap elementor-element-populated\">\n\t\t\t\t\t\t<div class=\"elementor-element elementor-element-1702f29 elementor-widget elementor-widget-text-editor\" data-id=\"1702f29\" data-element_type=\"widget\" data-e-type=\"widget\" data-widget_type=\"text-editor.default\">\n\t\t\t\t<div class=\"elementor-widget-container\">\n\t\t\t\t\t\t\t\t\t<p>Wir entwickeln auch ma\u00dfgeschneiderte, nach Kundenwunsch vorbereitete Projekte. Wir sind offen f\u00fcr alle Vorschl\u00e4ge und versuchen, die Anforderungen so gut wie m\u00f6glich zu erf\u00fcllen.<\/p><p>Im Hinblick auf die Belange unserer Kunden schlagen wir die f\u00fcr sie und ihre Bed\u00fcrfnisse beste Konfiguration der Pferdekutsche vor.<\/p><p>Wir verf\u00fcgen \u00fcber eine gro\u00dfe Auswahl an Zusatzausstattung wie INOX-Seiten, INOX-Griffe, R\u00e4der, Felgen, INOX-Speichen und andere Teile aus INOX (Edelstahl), verschiedene Arten von Kranzbremsen und unterschiedlichen technischen Hilfsvorrichtungen: D\u00e4cher, Tische, Kasten unter den Sitzen und Kutschen. Der Kunde hat die M\u00f6glichkeit, die Farbe der Kutsche und der Polsterung aus einer bunten Farbenpalette zu w\u00e4hlen.<\/p><p>Seit einigen Jahren stellen wir auch behindertengerechte Pferdekutschen her. Diese Kutschen sind mit einer Rampe mit Griffen ausgestattet, die einem Rollstuhlfahrer einen sicheren Einstieg erm\u00f6glicht. Der Boden der Kutsche ist mit speziellen Beschl\u00e4gen f\u00fcr einen Rollstuhl ausgestattet, die Stabilit\u00e4t sichern.<\/p>\t\t\t\t\t\t\t\t<\/div>\n\t\t\t\t<\/div>\n\t\t\t\t\t<\/div>\n\t\t<\/div>\n\t\t\t\t\t<\/div>\n\t\t<\/section>\n\t\t\t\t<section class=\"elementor-section elementor-top-section elementor-element elementor-element-1329acd elementor-section-boxed elementor-section-height-default elementor-section-height-default\" data-id=\"1329acd\" data-element_type=\"section\" data-e-type=\"section\">\n\t\t\t\t\t\t<div class=\"elementor-container elementor-column-gap-default\">\n\t\t\t\t\t<div class=\"elementor-column elementor-col-100 elementor-top-column elementor-element elementor-element-ee082e5\" data-id=\"ee082e5\" data-element_type=\"column\" data-e-type=\"column\">\n\t\t\t<div class=\"elementor-widget-wrap elementor-element-populated\">\n\t\t\t\t\t\t<div class=\"elementor-element elementor-element-91b2026 elementor-widget-divider--view-line elementor-widget elementor-widget-divider\" data-id=\"91b2026\" data-element_type=\"widget\" data-e-type=\"widget\" data-widget_type=\"divider.default\">\n\t\t\t\t<div class=\"elementor-widget-container\">\n\t\t\t\t\t\t\t<div class=\"elementor-divider\">\n\t\t\t<span class=\"elementor-divider-separator\">\n\t\t\t\t\t\t<\/span>\n\t\t<\/div>\n\t\t\t\t\t\t<\/div>\n\t\t\t\t<\/div>\n\t\t\t\t\t<\/div>\n\t\t<\/div>\n\t\t\t\t\t<\/div>\n\t\t<\/section>\n\t\t\t\t<section class=\"elementor-section elementor-top-section elementor-element elementor-element-7096ded elementor-section-stretched elementor-section-boxed elementor-section-height-default elementor-section-height-default\" data-id=\"7096ded\" data-element_type=\"section\" data-e-type=\"section\" data-settings=\"{&quot;stretch_section&quot;:&quot;section-stretched&quot;}\">\n\t\t\t\t\t\t<div class=\"elementor-container elementor-column-gap-default\">\n\t\t\t\t\t<div class=\"elementor-column elementor-col-50 elementor-top-column elementor-element elementor-element-91e6ebf\" data-id=\"91e6ebf\" data-element_type=\"column\" data-e-type=\"column\">\n\t\t\t<div class=\"elementor-widget-wrap elementor-element-populated\">\n\t\t\t\t\t\t<div class=\"elementor-element elementor-element-59db6e8 elementor-widget elementor-widget-text-editor\" data-id=\"59db6e8\" data-element_type=\"widget\" data-e-type=\"widget\" data-widget_type=\"text-editor.default\">\n\t\t\t\t<div class=\"elementor-widget-container\">\n\t\t\t\t\t\t\t\t\t<p class=\"MsoNormal\" style=\"margin-bottom: .0001pt; line-height: normal;\">Unser Angebot umfasst auch Ersatzteile sowie Garantie- und Nachgarantieservice.<\/p><p class=\"MsoNormal\" style=\"margin-bottom: .0001pt; line-height: normal;\">Die Priorit\u00e4t unseres Unternehmens ist es, die Bed\u00fcrfnisse unserer Kunden zu erf\u00fcllen und sie dabei vollkommen zufrieden zu stellen. Zu diesem Zweck nutzen wir unsere langj\u00e4hrige Erfahrung und das Wissen unserer qualifizierten Mitarbeiter und Abnehmer. Unsere Bem\u00fchungen sind auf eine perfekte Verarbeitung fokussiert.<\/p><p class=\"MsoNormal\" style=\"margin-bottom: .0001pt; line-height: normal;\">Es freut uns sehr, dass die Qualit\u00e4t der von uns hergestellten Kutschen von unseren Kunden so hoch anerkannt wird und wir laden Sie zur Zusammenarbeit mit uns ein. Wir danken Ihnen f\u00fcr die Wertsch\u00e4tzung unserer Bem\u00fchungen und f\u00fcr Ihr Vertrauen.<\/p>\t\t\t\t\t\t\t\t<\/div>\n\t\t\t\t<\/div>\n\t\t\t\t\t<\/div>\n\t\t<\/div>\n\t\t\t\t<div class=\"elementor-column elementor-col-50 elementor-top-column elementor-element elementor-element-dfc3d9f\" data-id=\"dfc3d9f\" data-element_type=\"column\" data-e-type=\"column\" data-settings=\"{&quot;background_background&quot;:&quot;slideshow&quot;,&quot;background_slideshow_gallery&quot;:[{&quot;id&quot;:544,&quot;url&quot;:&quot;http:\\\/\\\/poj-kon.pl\\\/wp-content\\\/uploads\\\/2020\\\/09\\\/foto_galeria_big-2.jpeg&quot;}],&quot;background_slideshow_loop&quot;:&quot;yes&quot;,&quot;background_slideshow_slide_duration&quot;:5000,&quot;background_slideshow_slide_transition&quot;:&quot;fade&quot;,&quot;background_slideshow_transition_duration&quot;:500}\">\n\t\t\t<div class=\"elementor-widget-wrap\">\n\t\t\t\t\t\t\t<\/div>\n\t\t<\/div>\n\t\t\t\t\t<\/div>\n\t\t<\/section>\n\t\t\t\t<\/div>\n\t\t","protected":false},"excerpt":{"rendered":"<p>\u00dcBER DIE FIRMA POJ-KON \u2013 HERSTELLER VON PFERDEKUTSCHEN Wir sind seit mehr als 30 Jahren auf dem Markt pr\u00e4sent und haben bis heute fast 30.000 Kutschen hergestellt.\u00a0 Wir halten die Tradition aufrecht, die unsere V\u00e4ter und Gro\u00dfv\u00e4ter geschaffen haben. Die von ihnen erarbeiteten handwerklichen Methoden der Herstellung von Kutschen erg\u00e4nzen wir durch die Einf\u00fchrung innovativer [&hellip;]<\/p>\n","protected":false},"author":4,"featured_media":0,"parent":0,"menu_order":0,"comment_status":"closed","ping_status":"closed","template":"","meta":{"_acf_changed":false,"inline_featured_image":false,"footnotes":""},"class_list":["post-6929","page","type-page","status-publish","hentry"],"acf":[],"yoast_head":"<!-- This site is optimized with the Yoast SEO plugin v27.5 - https:\/\/yoast.com\/product\/yoast-seo-wordpress\/ -->\n<title>\u00dcber uns - Poj-Kon<\/title>\n<meta name=\"robots\" content=\"index, follow, max-snippet:-1, max-image-preview:large, max-video-preview:-1\" \/>\n<link rel=\"canonical\" href=\"https:\/\/poj-kon.pl\/de\/elementor-6929\/\" \/>\n<meta property=\"og:locale\" content=\"de_DE\" \/>\n<meta property=\"og:type\" content=\"article\" \/>\n<meta property=\"og:title\" content=\"\u00dcber uns - Poj-Kon\" \/>\n<meta property=\"og:description\" content=\"\u00dcBER DIE FIRMA POJ-KON \u2013 HERSTELLER VON PFERDEKUTSCHEN Wir sind seit mehr als 30 Jahren auf dem Markt pr\u00e4sent und haben bis heute fast 30.000 Kutschen hergestellt.\u00a0 Wir halten die Tradition aufrecht, die unsere V\u00e4ter und Gro\u00dfv\u00e4ter geschaffen haben. Die von ihnen erarbeiteten handwerklichen Methoden der Herstellung von Kutschen erg\u00e4nzen wir durch die Einf\u00fchrung innovativer [&hellip;]\" \/>\n<meta property=\"og:url\" content=\"https:\/\/poj-kon.pl\/de\/elementor-6929\/\" \/>\n<meta property=\"og:site_name\" content=\"Poj-Kon\" \/>\n<meta property=\"article:modified_time\" content=\"2024-08-27T09:00:25+00:00\" \/>\n<meta name=\"twitter:card\" content=\"summary_large_image\" \/>\n<meta name=\"twitter:label1\" content=\"Gesch\u00e4tzte Lesezeit\" \/>\n\t<meta name=\"twitter:data1\" content=\"3\u00a0Minuten\" \/>\n<script type=\"application\/ld+json\" class=\"yoast-schema-graph\">{\"@context\":\"https:\\\/\\\/schema.org\",\"@graph\":[{\"@type\":\"WebPage\",\"@id\":\"https:\\\/\\\/poj-kon.pl\\\/de\\\/elementor-6929\\\/\",\"url\":\"https:\\\/\\\/poj-kon.pl\\\/de\\\/elementor-6929\\\/\",\"name\":\"\u00dcber uns - Poj-Kon\",\"isPartOf\":{\"@id\":\"https:\\\/\\\/poj-kon.pl\\\/de\\\/#website\"},\"datePublished\":\"2024-08-27T07:52:14+00:00\",\"dateModified\":\"2024-08-27T09:00:25+00:00\",\"breadcrumb\":{\"@id\":\"https:\\\/\\\/poj-kon.pl\\\/de\\\/elementor-6929\\\/#breadcrumb\"},\"inLanguage\":\"de\",\"potentialAction\":[{\"@type\":\"ReadAction\",\"target\":[\"https:\\\/\\\/poj-kon.pl\\\/de\\\/elementor-6929\\\/\"]}]},{\"@type\":\"BreadcrumbList\",\"@id\":\"https:\\\/\\\/poj-kon.pl\\\/de\\\/elementor-6929\\\/#breadcrumb\",\"itemListElement\":[{\"@type\":\"ListItem\",\"position\":1,\"name\":\"Strona g\u0142\u00f3wna\",\"item\":\"https:\\\/\\\/poj-kon.pl\\\/de\\\/\"},{\"@type\":\"ListItem\",\"position\":2,\"name\":\"\u00dcber uns\"}]},{\"@type\":\"WebSite\",\"@id\":\"https:\\\/\\\/poj-kon.pl\\\/de\\\/#website\",\"url\":\"https:\\\/\\\/poj-kon.pl\\\/de\\\/\",\"name\":\"Poj-Kon\",\"description\":\"Producent powoz\u00f3w konnych Ma\u0142achowo\",\"publisher\":{\"@id\":\"https:\\\/\\\/poj-kon.pl\\\/de\\\/#organization\"},\"potentialAction\":[{\"@type\":\"SearchAction\",\"target\":{\"@type\":\"EntryPoint\",\"urlTemplate\":\"https:\\\/\\\/poj-kon.pl\\\/de\\\/?s={search_term_string}\"},\"query-input\":{\"@type\":\"PropertyValueSpecification\",\"valueRequired\":true,\"valueName\":\"search_term_string\"}}],\"inLanguage\":\"de\"},{\"@type\":\"Organization\",\"@id\":\"https:\\\/\\\/poj-kon.pl\\\/de\\\/#organization\",\"name\":\"Poj-Kon\",\"url\":\"https:\\\/\\\/poj-kon.pl\\\/de\\\/\",\"logo\":{\"@type\":\"ImageObject\",\"inLanguage\":\"de\",\"@id\":\"https:\\\/\\\/poj-kon.pl\\\/de\\\/#\\\/schema\\\/logo\\\/image\\\/\",\"url\":\"https:\\\/\\\/poj-kon.pl\\\/wp-content\\\/uploads\\\/2020\\\/08\\\/logo-poj-kon.svg\",\"contentUrl\":\"https:\\\/\\\/poj-kon.pl\\\/wp-content\\\/uploads\\\/2020\\\/08\\\/logo-poj-kon.svg\",\"width\":146,\"height\":56,\"caption\":\"Poj-Kon\"},\"image\":{\"@id\":\"https:\\\/\\\/poj-kon.pl\\\/de\\\/#\\\/schema\\\/logo\\\/image\\\/\"}}]}<\/script>\n<!-- \/ Yoast SEO plugin. -->","yoast_head_json":{"title":"\u00dcber uns - Poj-Kon","robots":{"index":"index","follow":"follow","max-snippet":"max-snippet:-1","max-image-preview":"max-image-preview:large","max-video-preview":"max-video-preview:-1"},"canonical":"https:\/\/poj-kon.pl\/de\/elementor-6929\/","og_locale":"de_DE","og_type":"article","og_title":"\u00dcber uns - Poj-Kon","og_description":"\u00dcBER DIE FIRMA POJ-KON \u2013 HERSTELLER VON PFERDEKUTSCHEN Wir sind seit mehr als 30 Jahren auf dem Markt pr\u00e4sent und haben bis heute fast 30.000 Kutschen hergestellt.\u00a0 Wir halten die Tradition aufrecht, die unsere V\u00e4ter und Gro\u00dfv\u00e4ter geschaffen haben. Die von ihnen erarbeiteten handwerklichen Methoden der Herstellung von Kutschen erg\u00e4nzen wir durch die Einf\u00fchrung innovativer [&hellip;]","og_url":"https:\/\/poj-kon.pl\/de\/elementor-6929\/","og_site_name":"Poj-Kon","article_modified_time":"2024-08-27T09:00:25+00:00","twitter_card":"summary_large_image","twitter_misc":{"Gesch\u00e4tzte Lesezeit":"3\u00a0Minuten"},"schema":{"@context":"https:\/\/schema.org","@graph":[{"@type":"WebPage","@id":"https:\/\/poj-kon.pl\/de\/elementor-6929\/","url":"https:\/\/poj-kon.pl\/de\/elementor-6929\/","name":"\u00dcber uns - Poj-Kon","isPartOf":{"@id":"https:\/\/poj-kon.pl\/de\/#website"},"datePublished":"2024-08-27T07:52:14+00:00","dateModified":"2024-08-27T09:00:25+00:00","breadcrumb":{"@id":"https:\/\/poj-kon.pl\/de\/elementor-6929\/#breadcrumb"},"inLanguage":"de","potentialAction":[{"@type":"ReadAction","target":["https:\/\/poj-kon.pl\/de\/elementor-6929\/"]}]},{"@type":"BreadcrumbList","@id":"https:\/\/poj-kon.pl\/de\/elementor-6929\/#breadcrumb","itemListElement":[{"@type":"ListItem","position":1,"name":"Strona g\u0142\u00f3wna","item":"https:\/\/poj-kon.pl\/de\/"},{"@type":"ListItem","position":2,"name":"\u00dcber uns"}]},{"@type":"WebSite","@id":"https:\/\/poj-kon.pl\/de\/#website","url":"https:\/\/poj-kon.pl\/de\/","name":"Poj-Kon","description":"Producent powoz\u00f3w konnych Ma\u0142achowo","publisher":{"@id":"https:\/\/poj-kon.pl\/de\/#organization"},"potentialAction":[{"@type":"SearchAction","target":{"@type":"EntryPoint","urlTemplate":"https:\/\/poj-kon.pl\/de\/?s={search_term_string}"},"query-input":{"@type":"PropertyValueSpecification","valueRequired":true,"valueName":"search_term_string"}}],"inLanguage":"de"},{"@type":"Organization","@id":"https:\/\/poj-kon.pl\/de\/#organization","name":"Poj-Kon","url":"https:\/\/poj-kon.pl\/de\/","logo":{"@type":"ImageObject","inLanguage":"de","@id":"https:\/\/poj-kon.pl\/de\/#\/schema\/logo\/image\/","url":"https:\/\/poj-kon.pl\/wp-content\/uploads\/2020\/08\/logo-poj-kon.svg","contentUrl":"https:\/\/poj-kon.pl\/wp-content\/uploads\/2020\/08\/logo-poj-kon.svg","width":146,"height":56,"caption":"Poj-Kon"},"image":{"@id":"https:\/\/poj-kon.pl\/de\/#\/schema\/logo\/image\/"}}]}},"_links":{"self":[{"href":"https:\/\/poj-kon.pl\/de\/wp-json\/wp\/v2\/pages\/6929","targetHints":{"allow":["GET"]}}],"collection":[{"href":"https:\/\/poj-kon.pl\/de\/wp-json\/wp\/v2\/pages"}],"about":[{"href":"https:\/\/poj-kon.pl\/de\/wp-json\/wp\/v2\/types\/page"}],"author":[{"embeddable":true,"href":"https:\/\/poj-kon.pl\/de\/wp-json\/wp\/v2\/users\/4"}],"replies":[{"embeddable":true,"href":"https:\/\/poj-kon.pl\/de\/wp-json\/wp\/v2\/comments?post=6929"}],"version-history":[{"count":6,"href":"https:\/\/poj-kon.pl\/de\/wp-json\/wp\/v2\/pages\/6929\/revisions"}],"predecessor-version":[{"id":6975,"href":"https:\/\/poj-kon.pl\/de\/wp-json\/wp\/v2\/pages\/6929\/revisions\/6975"}],"wp:attachment":[{"href":"https:\/\/poj-kon.pl\/de\/wp-json\/wp\/v2\/media?parent=6929"}],"curies":[{"name":"wp","href":"https:\/\/api.w.org\/{rel}","templated":true}]}}